{"id":6763,"date":"2022-08-19T14:14:09","date_gmt":"2022-08-19T14:14:09","guid":{"rendered":"https:\/\/www.hoteladriaonline.it\/newsletter\/"},"modified":"2022-08-19T14:39:23","modified_gmt":"2022-08-19T14:39:23","slug":"newsletter","status":"publish","type":"page","link":"https:\/\/www.hoteladriaonline.it\/fr\/newsletter\/","title":{"rendered":"Newsletter"},"content":{"rendered":"\t\t<div data-elementor-type=\"wp-page\" data-elementor-id=\"6763\" class=\"elementor elementor-6763 elementor-6754\" data-elementor-post-type=\"page\">\n\t\t\t\t\t\t<section class=\"elementor-section elementor-top-section elementor-element elementor-element-6a8ca41 elementor-section-boxed elementor-section-height-default elementor-section-height-default\" data-id=\"6a8ca41\" data-element_type=\"section\">\n\t\t\t\t\t\t<div class=\"elementor-container elementor-column-gap-default\">\n\t\t\t\t\t<div class=\"elementor-column elementor-col-100 elementor-top-column elementor-element elementor-element-1eb0480\" data-id=\"1eb0480\" data-element_type=\"column\">\n\t\t\t<div class=\"elementor-widget-wrap elementor-element-populated\">\n\t\t\t\t\t\t<div class=\"elementor-element elementor-element-98dd66d elementor-widget elementor-widget-heading\" data-id=\"98dd66d\" data-element_type=\"widget\" data-widget_type=\"heading.default\">\n\t\t\t\t<div class=\"elementor-widget-container\">\n\t\t\t\t\t<h1 class=\"elementor-heading-title elementor-size-default\">Abonnez-vous \u00e0 la newsletter<\/h1>\t\t\t\t<\/div>\n\t\t\t\t<\/div>\n\t\t\t\t<div class=\"elementor-element elementor-element-e33c170 elementor-widget elementor-widget-heading\" data-id=\"e33c170\" data-element_type=\"widget\" data-widget_type=\"heading.default\">\n\t\t\t\t<div class=\"elementor-widget-container\">\n\t\t\t\t\t<h2 class=\"elementor-heading-title elementor-size-default\">Recevez imm\u00e9diatement un code de r\u00e9duction pour votre prochain s\u00e9jour<\/h2>\t\t\t\t<\/div>\n\t\t\t\t<\/div>\n\t\t\t\t<div class=\"elementor-element elementor-element-e923331 elementor-widget elementor-widget-spacer\" data-id=\"e923331\" data-element_type=\"widget\" data-widget_type=\"spacer.default\">\n\t\t\t\t<div class=\"elementor-widget-container\">\n\t\t\t\t\t\t\t<div class=\"elementor-spacer\">\n\t\t\t<div class=\"elementor-spacer-inner\"><\/div>\n\t\t<\/div>\n\t\t\t\t\t\t<\/div>\n\t\t\t\t<\/div>\n\t\t\t\t<div class=\"elementor-element elementor-element-4dcbc96 elementor-widget elementor-widget-template\" data-id=\"4dcbc96\" data-element_type=\"widget\" data-widget_type=\"template.default\">\n\t\t\t\t<div class=\"elementor-widget-container\">\n\t\t\t\t\t\t\t<div class=\"elementor-template\">\n\t\t\t\t\t<div data-elementor-type=\"section\" data-elementor-id=\"6779\" class=\"elementor elementor-6779 elementor-6774\" data-elementor-post-type=\"elementor_library\">\n\t\t\t\t\t<section class=\"elementor-section elementor-top-section elementor-element elementor-element-149ebef elementor-section-boxed elementor-section-height-default elementor-section-height-default\" data-id=\"149ebef\" data-element_type=\"section\">\n\t\t\t\t\t\t<div class=\"elementor-container elementor-column-gap-default\">\n\t\t\t\t\t<div class=\"elementor-column elementor-col-100 elementor-top-column elementor-element elementor-element-ca1f2f8\" data-id=\"ca1f2f8\" data-element_type=\"column\">\n\t\t\t<div class=\"elementor-widget-wrap elementor-element-populated\">\n\t\t\t\t\t\t<div class=\"elementor-element elementor-element-0d0813d elementor-widget elementor-widget-html\" data-id=\"0d0813d\" data-element_type=\"widget\" data-widget_type=\"html.default\">\n\t\t\t\t<div class=\"elementor-widget-container\">\n\t\t\t\t\t<form action=\"https:\/\/37759.emailsp.com\/frontend\/subscribe.aspx\">\r\n<div>\r\n    <input type=\"text\" rel=\"1\" name=\"campo1\" id=\"campo1\" placeholder=\"Nome\" maxlength=\"200\" \/>\r\n<\/div>\r\n<div>\r\n    <input type=\"email\" name=\"email\" id=\"email\" placeholder=\"Email\" required=\"required\">\r\n<\/div>\r\n<div>\r\n    <div>\r\n        <label>\r\n            <input type=\"checkbox\" name=\"privacy\" required=\"required\">Accetto la <\/label>\r\n        <a href=\"https:\/\/www.hoteladriaonline.it\/policy-privacy\/\" target=\"_blank\">Privacy Policy<\/a>\r\n    <\/div>\r\n<\/div>\r\n<div>\r\n    <button type=\"submit\" name=\"submit\" value=\"true\">\r\n        Restiamo in contatto\r\n    <\/button>\r\n<\/div>\r\n<input type=\"hidden\" id=\"apgroup\" name=\"apgroup\" value=\"8404\">\r\n<input type=\"hidden\" name=\"list\" value=\"105\"><input type=\"hidden\" name=\"IdCustomFlowCfg\" value=\"4\">\r\n<input\n                    class=\"apbct_special_field apbct_email_id__elementor_form\"\n                    name=\"apbct__email_id__elementor_form\"\n                    aria-label=\"apbct__label_id__elementor_form\"\n                    type=\"text\" size=\"30\" maxlength=\"200\" autocomplete=\"off\"\n                    value=\"\"\n                \/><input\n                    class=\"apbct_special_field apbct_email_id__elementor_form\"\n                    name=\"apbct__email_id__elementor_form\"\n                    aria-label=\"apbct__label_id__elementor_form\"\n                    type=\"text\" size=\"30\" maxlength=\"200\" autocomplete=\"off\"\n                    value=\"\"\n                \/><\/form>\t\t\t\t<\/div>\n\t\t\t\t<\/div>\n\t\t\t\t\t<\/div>\n\t\t<\/div>\n\t\t\t\t\t<\/div>\n\t\t<\/section>\n\t\t\t\t<section class=\"elementor-section elementor-top-section elementor-element elementor-element-014b80f elementor-section-full_width elementor-section-height-default elementor-section-height-default\" data-id=\"014b80f\" data-element_type=\"section\">\n\t\t\t\t\t\t<div class=\"elementor-container elementor-column-gap-no\">\n\t\t\t\t\t<div class=\"elementor-column elementor-col-100 elementor-top-column elementor-element elementor-element-c770959\" data-id=\"c770959\" data-element_type=\"column\">\n\t\t\t<div class=\"elementor-widget-wrap elementor-element-populated\">\n\t\t\t\t\t\t<div class=\"elementor-element elementor-element-ad94392 elementor-widget elementor-widget-html\" data-id=\"ad94392\" data-element_type=\"widget\" data-widget_type=\"html.default\">\n\t\t\t\t<div class=\"elementor-widget-container\">\n\t\t\t\t\t<script>\r\n(function($) {\r\n$(document).ready(function () {\r\n    $('.fascia-offerte').remove();\r\n});\r\n}(jQuery));\r\n<\/script>\r\n\r\n<script>\r\n(function($) {\r\n$(document).ready(function () {\r\n    $('#contatti').remove();\r\n});\r\n}(jQuery));\r\n<\/script>\r\n\r\n\r\n<script>\r\n(function($) {\r\n$(document).ready(function () {\r\n    $('#fascia-booking').remove();\r\n});\r\n}(jQuery));\r\n<\/script>\r\n\r\n\t\t\t\t<\/div>\n\t\t\t\t<\/div>\n\t\t\t\t\t<\/div>\n\t\t<\/div>\n\t\t\t\t\t<\/div>\n\t\t<\/section>\n\t\t\t\t<\/div>\n\t\t\t\t<\/div>\n\t\t\t\t\t\t<\/div>\n\t\t\t\t<\/div>\n\t\t\t\t\t<\/div>\n\t\t<\/div>\n\t\t\t\t\t<\/div>\n\t\t<\/section>\n\t\t\t\t<\/div>\n\t\t","protected":false},"excerpt":{"rendered":"<p>Abonnez-vous \u00e0 la newsletter Recevez imm\u00e9diatement un code de r\u00e9duction pour votre prochain s\u00e9jour<\/p>\n","protected":false},"author":1,"featured_media":0,"parent":0,"menu_order":0,"comment_status":"closed","ping_status":"closed","template":"","meta":{"_acf_changed":false,"footnotes":""},"folder":[],"class_list":["post-6763","page","type-page","status-publish","hentry"],"acf":[],"_links":{"self":[{"href":"https:\/\/www.hoteladriaonline.it\/fr\/wp-json\/wp\/v2\/pages\/6763","targetHints":{"allow":["GET"]}}],"collection":[{"href":"https:\/\/www.hoteladriaonline.it\/fr\/wp-json\/wp\/v2\/pages"}],"about":[{"href":"https:\/\/www.hoteladriaonline.it\/fr\/wp-json\/wp\/v2\/types\/page"}],"author":[{"embeddable":true,"href":"https:\/\/www.hoteladriaonline.it\/fr\/wp-json\/wp\/v2\/users\/1"}],"replies":[{"embeddable":true,"href":"https:\/\/www.hoteladriaonline.it\/fr\/wp-json\/wp\/v2\/comments?post=6763"}],"version-history":[{"count":2,"href":"https:\/\/www.hoteladriaonline.it\/fr\/wp-json\/wp\/v2\/pages\/6763\/revisions"}],"predecessor-version":[{"id":6801,"href":"https:\/\/www.hoteladriaonline.it\/fr\/wp-json\/wp\/v2\/pages\/6763\/revisions\/6801"}],"wp:attachment":[{"href":"https:\/\/www.hoteladriaonline.it\/fr\/wp-json\/wp\/v2\/media?parent=6763"}],"wp:term":[{"taxonomy":"folder","embeddable":true,"href":"https:\/\/www.hoteladriaonline.it\/fr\/wp-json\/wp\/v2\/folder?post=6763"}],"curies":[{"name":"wp","href":"https:\/\/api.w.org\/{rel}","templated":true}]}}