{"id":4428,"date":"2022-07-22T12:55:24","date_gmt":"2022-07-22T12:55:24","guid":{"rendered":"https:\/\/www.hoteladriaonline.it\/mirabilandia\/"},"modified":"2022-08-19T12:44:27","modified_gmt":"2022-08-19T12:44:27","slug":"mirabilandia","status":"publish","type":"page","link":"https:\/\/www.hoteladriaonline.it\/fr\/mirabilandia\/","title":{"rendered":"Mirabilandia"},"content":{"rendered":"\t\t<div data-elementor-type=\"wp-page\" data-elementor-id=\"4428\" class=\"elementor elementor-4428 elementor-1472\" data-elementor-post-type=\"page\">\n\t\t\t\t\t\t<section class=\"elementor-section elementor-top-section elementor-element elementor-element-0a7ab01 elementor-section-full_width elementor-section-stretched elementor-section-height-min-height elementor-section-height-default elementor-section-items-middle\" data-id=\"0a7ab01\" data-element_type=\"section\" data-settings=\"{&quot;stretch_section&quot;:&quot;section-stretched&quot;,&quot;background_background&quot;:&quot;classic&quot;}\">\n\t\t\t\t\t\t<div class=\"elementor-container elementor-column-gap-no\">\n\t\t\t\t\t<div class=\"elementor-column elementor-col-100 elementor-top-column elementor-element elementor-element-362806c8\" data-id=\"362806c8\" data-element_type=\"column\" data-settings=\"{&quot;background_background&quot;:&quot;classic&quot;}\">\n\t\t\t<div class=\"elementor-widget-wrap elementor-element-populated\">\n\t\t\t\t\t\t<div class=\"elementor-element elementor-element-e073758 elementor--h-position-center elementor--v-position-middle elementor-widget elementor-widget-slides\" data-id=\"e073758\" data-element_type=\"widget\" data-settings=\"{&quot;navigation&quot;:&quot;none&quot;,&quot;transition&quot;:&quot;fade&quot;,&quot;autoplay&quot;:&quot;yes&quot;,&quot;pause_on_hover&quot;:&quot;yes&quot;,&quot;pause_on_interaction&quot;:&quot;yes&quot;,&quot;autoplay_speed&quot;:5000,&quot;infinite&quot;:&quot;yes&quot;,&quot;transition_speed&quot;:500}\" data-widget_type=\"slides.default\">\n\t\t\t\t<div class=\"elementor-widget-container\">\n\t\t\t\t\t\t\t\t\t<div class=\"elementor-swiper\">\n\t\t\t\t\t<div class=\"elementor-slides-wrapper elementor-main-swiper swiper\" role=\"region\" aria-roledescription=\"carousel\" aria-label=\"Diapositives\" dir=\"ltr\" data-animation=\"zoomIn\">\n\t\t\t\t<div class=\"swiper-wrapper elementor-slides\">\n\t\t\t\t\t\t\t\t\t\t<div class=\"elementor-repeater-item-e154dff swiper-slide\" role=\"group\" aria-roledescription=\"slide\"><div class=\"swiper-slide-bg elementor-ken-burns elementor-ken-burns--out\" role=\"img\"><\/div><div class=\"swiper-slide-inner\" ><div class=\"swiper-slide-contents\"><\/div><\/div><\/div><div class=\"elementor-repeater-item-9b179e7 swiper-slide\" role=\"group\" aria-roledescription=\"slide\"><div class=\"swiper-slide-bg elementor-ken-burns elementor-ken-burns--out\" role=\"img\"><\/div><div class=\"swiper-slide-inner\" ><div class=\"swiper-slide-contents\"><\/div><\/div><\/div><div class=\"elementor-repeater-item-a82d3c0 swiper-slide\" role=\"group\" aria-roledescription=\"slide\"><div class=\"swiper-slide-bg elementor-ken-burns elementor-ken-burns--out\" role=\"img\"><\/div><div class=\"swiper-slide-inner\" ><div class=\"swiper-slide-contents\"><\/div><\/div><\/div><div class=\"elementor-repeater-item-e0fb73b swiper-slide\" role=\"group\" aria-roledescription=\"slide\"><div class=\"swiper-slide-bg elementor-ken-burns elementor-ken-burns--out\" role=\"img\"><\/div><div class=\"swiper-slide-inner\" ><div class=\"swiper-slide-contents\"><\/div><\/div><\/div><div class=\"elementor-repeater-item-968e1a8 swiper-slide\" role=\"group\" aria-roledescription=\"slide\"><div class=\"swiper-slide-bg elementor-ken-burns elementor-ken-burns--out\" role=\"img\"><\/div><div class=\"swiper-slide-inner\" ><div class=\"swiper-slide-contents\"><\/div><\/div><\/div>\t\t\t\t<\/div>\n\t\t\t\t\t\t\t\t\t\t\t\t\t\t\t\t\t\t\t\t\t<\/div>\n\t\t\t\t<\/div>\n\t\t\t\t\t\t\t\t<\/div>\n\t\t\t\t<\/div>\n\t\t\t\t\t<\/div>\n\t\t<\/div>\n\t\t\t\t\t<\/div>\n\t\t<\/section>\n\t\t\t\t<section class=\"elementor-section elementor-top-section elementor-element elementor-element-f23ba1e elementor-section-full_width elementor-section-content-middle elementor-reverse-tablet elementor-section-height-default elementor-section-height-default\" data-id=\"f23ba1e\" data-element_type=\"section\">\n\t\t\t\t\t\t<div class=\"elementor-container elementor-column-gap-no\">\n\t\t\t\t\t<div class=\"elementor-column elementor-col-50 elementor-top-column elementor-element elementor-element-2530b0e elementor-hidden-tablet elementor-hidden-mobile\" data-id=\"2530b0e\" data-element_type=\"column\">\n\t\t\t<div class=\"elementor-widget-wrap elementor-element-populated\">\n\t\t\t\t\t\t<div class=\"elementor-element elementor-element-4621801 elementor-absolute elementor-widget elementor-widget-image\" data-id=\"4621801\" data-element_type=\"widget\" data-settings=\"{&quot;_position&quot;:&quot;absolute&quot;}\" data-widget_type=\"image.default\">\n\t\t\t\t<div class=\"elementor-widget-container\">\n\t\t\t\t\t\t\t\t\t\t\t\t\t\t\t<img fetchpriority=\"high\" decoding=\"async\" width=\"798\" height=\"923\" src=\"https:\/\/www.hoteladriaonline.it\/wp-content\/uploads\/2022\/07\/deco-a.png\" class=\"attachment-large size-large wp-image-263\" alt=\"\" srcset=\"https:\/\/www.hoteladriaonline.it\/wp-content\/uploads\/2022\/07\/deco-a.png 798w, https:\/\/www.hoteladriaonline.it\/wp-content\/uploads\/2022\/07\/deco-a-259x300.png 259w, https:\/\/www.hoteladriaonline.it\/wp-content\/uploads\/2022\/07\/deco-a-768x888.png 768w\" sizes=\"(max-width: 798px) 100vw, 798px\" \/>\t\t\t\t\t\t\t\t\t\t\t\t\t\t\t<\/div>\n\t\t\t\t<\/div>\n\t\t\t\t\t<\/div>\n\t\t<\/div>\n\t\t\t\t<div class=\"elementor-column elementor-col-50 elementor-top-column elementor-element elementor-element-fb589b6\" data-id=\"fb589b6\" data-element_type=\"column\">\n\t\t\t<div class=\"elementor-widget-wrap elementor-element-populated\">\n\t\t\t\t\t\t<div class=\"elementor-element elementor-element-c166a4b elementor-widget elementor-widget-heading\" data-id=\"c166a4b\" data-element_type=\"widget\" data-widget_type=\"heading.default\">\n\t\t\t\t<div class=\"elementor-widget-container\">\n\t\t\t\t\t<h1 class=\"elementor-heading-title elementor-size-default\">MIRABILANDIA \u00c0 RAVENNA<\/h1>\t\t\t\t<\/div>\n\t\t\t\t<\/div>\n\t\t\t\t<div class=\"elementor-element elementor-element-c79f369 elementor-widget elementor-widget-heading\" data-id=\"c79f369\" data-element_type=\"widget\" data-widget_type=\"heading.default\">\n\t\t\t\t<div class=\"elementor-widget-container\">\n\t\t\t\t\t<h2 class=\"elementor-heading-title elementor-size-default\">H\u00f4tel pr\u00e8s de Mirabilandia<\/h2>\t\t\t\t<\/div>\n\t\t\t\t<\/div>\n\t\t\t\t<div class=\"elementor-element elementor-element-3782e1d elementor-widget elementor-widget-text-editor\" data-id=\"3782e1d\" data-element_type=\"widget\" data-widget_type=\"text-editor.default\">\n\t\t\t\t<div class=\"elementor-widget-container\">\n\t\t\t\t\t\t\t\t\t<p>Emotion, amusement, mais aussi relax et merveille: tout cela et plus d\u2019autre, c\u2019est <strong>Mirabilandia<\/strong>, royaume de fantaisie qui, depuis beaucoup d\u2019 ann\u00e9es se pr\u00eate \u00e0 l&rsquo;arri\u00e8re-plan des jours d&rsquo;adr\u00e9naline de milliers de touristes.<\/p><p>De notre <strong>h\u00f4tel pr\u00e8s de Mirabilandia<\/strong>, se rendre le parc le plus c\u00e9l\u00e8bre d\u2019 Italie il sera facile, et vous pourrez penser seulement \u00e0 quelle attraction visiter pour premi\u00e8re: Reset, peut \u00eatre, la grande nouveaut\u00e9 du parc, une aventure myst\u00e9rieuse dans une New York d\u00e9vast\u00e9e o\u00f9 seule le plus courageux pourra aller en avant.<\/p><p> <\/p>\t\t\t\t\t\t\t\t<\/div>\n\t\t\t\t<\/div>\n\t\t\t\t\t<\/div>\n\t\t<\/div>\n\t\t\t\t\t<\/div>\n\t\t<\/section>\n\t\t\t\t<section class=\"elementor-section elementor-top-section elementor-element elementor-element-c4770db elementor-section-full_width elementor-section-content-middle elementor-section-height-default elementor-section-height-default\" data-id=\"c4770db\" data-element_type=\"section\">\n\t\t\t\t\t\t<div class=\"elementor-container elementor-column-gap-no\">\n\t\t\t\t\t<div class=\"elementor-column elementor-col-33 elementor-top-column elementor-element elementor-element-851a94d elementor-hidden-tablet elementor-hidden-mobile\" data-id=\"851a94d\" data-element_type=\"column\">\n\t\t\t<div class=\"elementor-widget-wrap elementor-element-populated\">\n\t\t\t\t\t\t<div class=\"elementor-element elementor-element-323b7b8 elementor-widget elementor-widget-image\" data-id=\"323b7b8\" data-element_type=\"widget\" data-widget_type=\"image.default\">\n\t\t\t\t<div class=\"elementor-widget-container\">\n\t\t\t\t\t\t\t\t\t\t\t\t\t\t\t<img decoding=\"async\" src=\"https:\/\/www.hoteladriaonline.it\/wp-content\/uploads\/elementor\/thumbs\/mira3-e1658495304762-psps5nwczq01tq6b6ohcocq7c0fkf874ilo7w5he8s.jpg\" title=\"mira3\" alt=\"mira3\" loading=\"lazy\" \/>\t\t\t\t\t\t\t\t\t\t\t\t\t\t\t<\/div>\n\t\t\t\t<\/div>\n\t\t\t\t\t<\/div>\n\t\t<\/div>\n\t\t\t\t<div class=\"elementor-column elementor-col-66 elementor-top-column elementor-element elementor-element-ef7ee75\" data-id=\"ef7ee75\" data-element_type=\"column\">\n\t\t\t<div class=\"elementor-widget-wrap elementor-element-populated\">\n\t\t\t\t\t\t<div class=\"elementor-element elementor-element-72e8529 elementor-widget elementor-widget-image\" data-id=\"72e8529\" data-element_type=\"widget\" data-widget_type=\"image.default\">\n\t\t\t\t<div class=\"elementor-widget-container\">\n\t\t\t\t\t\t\t\t\t\t\t\t\t\t\t<img decoding=\"async\" width=\"1200\" height=\"670\" src=\"https:\/\/www.hoteladriaonline.it\/wp-content\/uploads\/2022\/07\/mira2.jpg\" class=\"attachment-full size-full wp-image-6557\" alt=\"\" srcset=\"https:\/\/www.hoteladriaonline.it\/wp-content\/uploads\/2022\/07\/mira2.jpg 1200w, https:\/\/www.hoteladriaonline.it\/wp-content\/uploads\/2022\/07\/mira2-300x168.jpg 300w, https:\/\/www.hoteladriaonline.it\/wp-content\/uploads\/2022\/07\/mira2-1024x572.jpg 1024w, https:\/\/www.hoteladriaonline.it\/wp-content\/uploads\/2022\/07\/mira2-768x429.jpg 768w\" sizes=\"(max-width: 1200px) 100vw, 1200px\" \/>\t\t\t\t\t\t\t\t\t\t\t\t\t\t\t<\/div>\n\t\t\t\t<\/div>\n\t\t\t\t\t<\/div>\n\t\t<\/div>\n\t\t\t\t\t<\/div>\n\t\t<\/section>\n\t\t\t\t<section class=\"elementor-section elementor-top-section elementor-element elementor-element-2e14e4e elementor-section-full_width elementor-reverse-tablet elementor-reverse-mobile elementor-section-height-default elementor-section-height-default\" data-id=\"2e14e4e\" data-element_type=\"section\">\n\t\t\t\t\t\t<div class=\"elementor-container elementor-column-gap-no\">\n\t\t\t\t\t<div class=\"elementor-column elementor-col-50 elementor-top-column elementor-element elementor-element-843560b\" data-id=\"843560b\" data-element_type=\"column\" data-settings=\"{&quot;background_background&quot;:&quot;classic&quot;}\">\n\t\t\t<div class=\"elementor-widget-wrap elementor-element-populated\">\n\t\t\t\t\t\t<div class=\"elementor-element elementor-element-3291c06 elementor-widget elementor-widget-spacer\" data-id=\"3291c06\" data-element_type=\"widget\" data-widget_type=\"spacer.default\">\n\t\t\t\t<div class=\"elementor-widget-container\">\n\t\t\t\t\t\t\t<div class=\"elementor-spacer\">\n\t\t\t<div class=\"elementor-spacer-inner\"><\/div>\n\t\t<\/div>\n\t\t\t\t\t\t<\/div>\n\t\t\t\t<\/div>\n\t\t\t\t\t<\/div>\n\t\t<\/div>\n\t\t\t\t<div class=\"elementor-column elementor-col-50 elementor-top-column elementor-element elementor-element-56e0ef0\" data-id=\"56e0ef0\" data-element_type=\"column\">\n\t\t\t<div class=\"elementor-widget-wrap elementor-element-populated\">\n\t\t\t\t\t\t<div class=\"elementor-element elementor-element-c1e2956 elementor-widget elementor-widget-text-editor\" data-id=\"c1e2956\" data-element_type=\"widget\" data-widget_type=\"text-editor.default\">\n\t\t\t\t<div class=\"elementor-widget-container\">\n\t\t\t\t\t\t\t\t\t<p>Vous pr\u00e9f\u00e9rez quelque chose de plus \u00abextr\u00eame\u00bb? <strong>Mirabilandia<\/strong>offre ensuite son Ispeed, Oil Tower 1, en Oil Tower 2 et Katun: des d\u00e9fis r\u00e9els qui vous propulseront \u00e0 une vitesse impressionnante vers des courbes, des pentes et des changements lorsque vous aurez l\u2019id\u00e9e de sentir votre c\u0153ur dans la gorge.<\/p><p>Ne pas manquer le paradis pour les enfants, compos\u00e9 des attractions uniques en leur genre, capable de stimuler \u00e0 la fois amusant et curiosit\u00e9: Carousel, par exemple, ou Flying Arturo, Casa Matta ou le Monosauro.<\/p><p> <\/p>\t\t\t\t\t\t\t\t<\/div>\n\t\t\t\t<\/div>\n\t\t\t\t\t<\/div>\n\t\t<\/div>\n\t\t\t\t\t<\/div>\n\t\t<\/section>\n\t\t\t\t<section class=\"elementor-section elementor-top-section elementor-element elementor-element-e64a69d elementor-section-full_width elementor-section-height-default elementor-section-height-default\" data-id=\"e64a69d\" data-element_type=\"section\">\n\t\t\t\t\t\t<div class=\"elementor-container elementor-column-gap-no\">\n\t\t\t\t\t<div class=\"elementor-column elementor-col-50 elementor-top-column elementor-element elementor-element-e0e08d8\" data-id=\"e0e08d8\" data-element_type=\"column\">\n\t\t\t<div class=\"elementor-widget-wrap elementor-element-populated\">\n\t\t\t\t\t\t<div class=\"elementor-element elementor-element-d9ca6ba elementor-widget elementor-widget-text-editor\" data-id=\"d9ca6ba\" data-element_type=\"widget\" data-widget_type=\"text-editor.default\">\n\t\t\t\t<div class=\"elementor-widget-container\">\n\t\t\t\t\t\t\t\t\t<p>Il y a de nombreux spectacles qui le cast de <strong>Mirabilandia<\/strong>organise pour les touristes: le premier, plus c\u00e9l\u00e8bre, c&rsquo;est l&rsquo;Ecole de police, o\u00f9 il y a des talentueux cascadeur qui ont r\u00e9cite dans plusieurs s\u00e9ries t\u00e9l\u00e9vis\u00e9es.<\/p><p>Mais aussi Misspray, Danser pour un r\u00eave et Dancing Queen, entre les autres, sont productions parfaites dans les moindres d\u00e9tails, o\u00f9 la musique, la danse et la voix s&rsquo;int\u00e8grent \u00e0 donner heures de relax aux adultes et aux enfants.<\/p><p>Pour ne laisse pas le soleil m\u00eame ici, profitez de Mirabilandia Beach, o\u00f9 l\u2019amusement est combin\u00e9 avec une plage propre, et entre les animations, des glissades d&rsquo;eau et les danses de groupe les heures s&rsquo;envolent, vous laissant un go\u00fbt agr\u00e9able dans la bouche d&rsquo;une journ\u00e9e pass\u00e9e dans la meilleur mani\u00e8re.<\/p>\t\t\t\t\t\t\t\t<\/div>\n\t\t\t\t<\/div>\n\t\t\t\t\t<\/div>\n\t\t<\/div>\n\t\t\t\t<div class=\"elementor-column elementor-col-50 elementor-top-column elementor-element elementor-element-cf35bb1\" data-id=\"cf35bb1\" data-element_type=\"column\" data-settings=\"{&quot;background_background&quot;:&quot;classic&quot;}\">\n\t\t\t<div class=\"elementor-widget-wrap elementor-element-populated\">\n\t\t\t\t\t\t<div class=\"elementor-element elementor-element-e8a3158 elementor-widget elementor-widget-spacer\" data-id=\"e8a3158\" data-element_type=\"widget\" data-widget_type=\"spacer.default\">\n\t\t\t\t<div class=\"elementor-widget-container\">\n\t\t\t\t\t\t\t<div class=\"elementor-spacer\">\n\t\t\t<div class=\"elementor-spacer-inner\"><\/div>\n\t\t<\/div>\n\t\t\t\t\t\t<\/div>\n\t\t\t\t<\/div>\n\t\t\t\t\t<\/div>\n\t\t<\/div>\n\t\t\t\t\t<\/div>\n\t\t<\/section>\n\t\t\t\t<\/div>\n\t\t","protected":false},"excerpt":{"rendered":"<p>MIRABILANDIA \u00c0 RAVENNA H\u00f4tel pr\u00e8s de Mirabilandia Emotion, amusement, mais aussi relax et merveille: tout cela et plus d\u2019autre, c\u2019est Mirabilandia, royaume de fantaisie qui, depuis beaucoup d\u2019 ann\u00e9es se pr\u00eate \u00e0 l&rsquo;arri\u00e8re-plan des jours d&rsquo;adr\u00e9naline de milliers de touristes. De notre h\u00f4tel pr\u00e8s de Mirabilandia, se rendre le parc le plus c\u00e9l\u00e8bre d\u2019 Italie [&hellip;]<\/p>\n","protected":false},"author":1,"featured_media":0,"parent":0,"menu_order":0,"comment_status":"closed","ping_status":"closed","template":"","meta":{"_acf_changed":false,"footnotes":""},"folder":[],"class_list":["post-4428","page","type-page","status-publish","hentry"],"acf":[],"_links":{"self":[{"href":"https:\/\/www.hoteladriaonline.it\/fr\/wp-json\/wp\/v2\/pages\/4428","targetHints":{"allow":["GET"]}}],"collection":[{"href":"https:\/\/www.hoteladriaonline.it\/fr\/wp-json\/wp\/v2\/pages"}],"about":[{"href":"https:\/\/www.hoteladriaonline.it\/fr\/wp-json\/wp\/v2\/types\/page"}],"author":[{"embeddable":true,"href":"https:\/\/www.hoteladriaonline.it\/fr\/wp-json\/wp\/v2\/users\/1"}],"replies":[{"embeddable":true,"href":"https:\/\/www.hoteladriaonline.it\/fr\/wp-json\/wp\/v2\/comments?post=4428"}],"version-history":[{"count":3,"href":"https:\/\/www.hoteladriaonline.it\/fr\/wp-json\/wp\/v2\/pages\/4428\/revisions"}],"predecessor-version":[{"id":6565,"href":"https:\/\/www.hoteladriaonline.it\/fr\/wp-json\/wp\/v2\/pages\/4428\/revisions\/6565"}],"wp:attachment":[{"href":"https:\/\/www.hoteladriaonline.it\/fr\/wp-json\/wp\/v2\/media?parent=4428"}],"wp:term":[{"taxonomy":"folder","embeddable":true,"href":"https:\/\/www.hoteladriaonline.it\/fr\/wp-json\/wp\/v2\/folder?post=4428"}],"curies":[{"name":"wp","href":"https:\/\/api.w.org\/{rel}","templated":true}]}}