{"id":4398,"date":"2022-07-22T13:39:15","date_gmt":"2022-07-22T13:39:15","guid":{"rendered":"https:\/\/www.hoteladriaonline.it\/italia-in-miniatura\/"},"modified":"2022-08-01T12:56:17","modified_gmt":"2022-08-01T12:56:17","slug":"italia-in-miniatura","status":"publish","type":"page","link":"https:\/\/www.hoteladriaonline.it\/fr\/italia-in-miniatura\/","title":{"rendered":"Italia in miniatura"},"content":{"rendered":"\t\t<div data-elementor-type=\"wp-page\" data-elementor-id=\"4398\" class=\"elementor elementor-4398 elementor-1590\" data-elementor-post-type=\"page\">\n\t\t\t\t\t\t<section class=\"elementor-section elementor-top-section elementor-element elementor-element-0a7ab01 elementor-section-full_width elementor-section-stretched elementor-section-height-min-height elementor-section-height-default elementor-section-items-middle\" data-id=\"0a7ab01\" data-element_type=\"section\" data-settings=\"{&quot;stretch_section&quot;:&quot;section-stretched&quot;,&quot;background_background&quot;:&quot;classic&quot;}\">\n\t\t\t\t\t\t<div class=\"elementor-container elementor-column-gap-no\">\n\t\t\t\t\t<div class=\"elementor-column elementor-col-100 elementor-top-column elementor-element elementor-element-362806c8\" data-id=\"362806c8\" data-element_type=\"column\" data-settings=\"{&quot;background_background&quot;:&quot;classic&quot;}\">\n\t\t\t<div class=\"elementor-widget-wrap elementor-element-populated\">\n\t\t\t\t\t\t<div class=\"elementor-element elementor-element-e073758 elementor--h-position-center elementor--v-position-middle elementor-widget elementor-widget-slides\" data-id=\"e073758\" data-element_type=\"widget\" data-settings=\"{&quot;navigation&quot;:&quot;none&quot;,&quot;transition&quot;:&quot;fade&quot;,&quot;autoplay&quot;:&quot;yes&quot;,&quot;pause_on_hover&quot;:&quot;yes&quot;,&quot;pause_on_interaction&quot;:&quot;yes&quot;,&quot;autoplay_speed&quot;:5000,&quot;infinite&quot;:&quot;yes&quot;,&quot;transition_speed&quot;:500}\" data-widget_type=\"slides.default\">\n\t\t\t\t<div class=\"elementor-widget-container\">\n\t\t\t\t\t\t\t\t\t<div class=\"elementor-swiper\">\n\t\t\t\t\t<div class=\"elementor-slides-wrapper elementor-main-swiper swiper\" role=\"region\" aria-roledescription=\"carousel\" aria-label=\"Diapositives\" dir=\"ltr\" data-animation=\"zoomIn\">\n\t\t\t\t<div class=\"swiper-wrapper elementor-slides\">\n\t\t\t\t\t\t\t\t\t\t<div class=\"elementor-repeater-item-e154dff swiper-slide\" role=\"group\" aria-roledescription=\"slide\"><div class=\"swiper-slide-bg elementor-ken-burns elementor-ken-burns--out\" role=\"img\"><\/div><div class=\"swiper-slide-inner\" ><div class=\"swiper-slide-contents\"><\/div><\/div><\/div><div class=\"elementor-repeater-item-a5a64c7 swiper-slide\" role=\"group\" aria-roledescription=\"slide\"><div class=\"swiper-slide-bg elementor-ken-burns elementor-ken-burns--out\" role=\"img\"><\/div><div class=\"swiper-slide-inner\" ><div class=\"swiper-slide-contents\"><\/div><\/div><\/div><div class=\"elementor-repeater-item-9b179e7 swiper-slide\" role=\"group\" aria-roledescription=\"slide\"><div class=\"swiper-slide-bg elementor-ken-burns elementor-ken-burns--out\" role=\"img\"><\/div><div class=\"swiper-slide-inner\" ><div class=\"swiper-slide-contents\"><\/div><\/div><\/div>\t\t\t\t<\/div>\n\t\t\t\t\t\t\t\t\t\t\t\t\t\t\t\t\t\t\t\t\t<\/div>\n\t\t\t\t<\/div>\n\t\t\t\t\t\t\t\t<\/div>\n\t\t\t\t<\/div>\n\t\t\t\t\t<\/div>\n\t\t<\/div>\n\t\t\t\t\t<\/div>\n\t\t<\/section>\n\t\t\t\t<section class=\"elementor-section elementor-top-section elementor-element elementor-element-f23ba1e elementor-section-full_width elementor-section-content-middle elementor-reverse-tablet elementor-section-height-default elementor-section-height-default\" data-id=\"f23ba1e\" data-element_type=\"section\">\n\t\t\t\t\t\t<div class=\"elementor-container elementor-column-gap-no\">\n\t\t\t\t\t<div class=\"elementor-column elementor-col-50 elementor-top-column elementor-element elementor-element-2530b0e elementor-hidden-tablet elementor-hidden-mobile\" data-id=\"2530b0e\" data-element_type=\"column\">\n\t\t\t<div class=\"elementor-widget-wrap elementor-element-populated\">\n\t\t\t\t\t\t<div class=\"elementor-element elementor-element-4621801 elementor-absolute elementor-widget elementor-widget-image\" data-id=\"4621801\" data-element_type=\"widget\" data-settings=\"{&quot;_position&quot;:&quot;absolute&quot;}\" data-widget_type=\"image.default\">\n\t\t\t\t<div class=\"elementor-widget-container\">\n\t\t\t\t\t\t\t\t\t\t\t\t\t\t\t<img fetchpriority=\"high\" decoding=\"async\" width=\"798\" height=\"923\" src=\"https:\/\/www.hoteladriaonline.it\/wp-content\/uploads\/2022\/07\/deco-a.png\" class=\"attachment-large size-large wp-image-263\" alt=\"\" srcset=\"https:\/\/www.hoteladriaonline.it\/wp-content\/uploads\/2022\/07\/deco-a.png 798w, https:\/\/www.hoteladriaonline.it\/wp-content\/uploads\/2022\/07\/deco-a-259x300.png 259w, https:\/\/www.hoteladriaonline.it\/wp-content\/uploads\/2022\/07\/deco-a-768x888.png 768w\" sizes=\"(max-width: 798px) 100vw, 798px\" \/>\t\t\t\t\t\t\t\t\t\t\t\t\t\t\t<\/div>\n\t\t\t\t<\/div>\n\t\t\t\t\t<\/div>\n\t\t<\/div>\n\t\t\t\t<div class=\"elementor-column elementor-col-50 elementor-top-column elementor-element elementor-element-fb589b6\" data-id=\"fb589b6\" data-element_type=\"column\">\n\t\t\t<div class=\"elementor-widget-wrap elementor-element-populated\">\n\t\t\t\t\t\t<div class=\"elementor-element elementor-element-c166a4b elementor-widget elementor-widget-heading\" data-id=\"c166a4b\" data-element_type=\"widget\" data-widget_type=\"heading.default\">\n\t\t\t\t<div class=\"elementor-widget-container\">\n\t\t\t\t\t<h1 class=\"elementor-heading-title elementor-size-default\">L'ITALIE EN MINIATURE<\/h1>\t\t\t\t<\/div>\n\t\t\t\t<\/div>\n\t\t\t\t<div class=\"elementor-element elementor-element-c79f369 elementor-widget elementor-widget-heading\" data-id=\"c79f369\" data-element_type=\"widget\" data-widget_type=\"heading.default\">\n\t\t\t\t<div class=\"elementor-widget-container\">\n\t\t\t\t\t<h2 class=\"elementor-heading-title elementor-size-default\">Le parc \u00e0 th\u00e8me pr\u00e8s de Rimini\n<\/h2>\t\t\t\t<\/div>\n\t\t\t\t<\/div>\n\t\t\t\t<div class=\"elementor-element elementor-element-3782e1d elementor-widget elementor-widget-text-editor\" data-id=\"3782e1d\" data-element_type=\"widget\" data-widget_type=\"text-editor.default\">\n\t\t\t\t<div class=\"elementor-widget-container\">\n\t\t\t\t\t\t\t\t\t<p>Avez-vous jamais demand\u00e9 comment il serait voir tout ce auquel vous \u00eates maintenant habitu\u00e9s d&rsquo; un point de vue nouveau et original? Pour le decouvrir, vous devez visiter l&rsquo;<strong>Italie en miniature parc<\/strong>\u00e0 th\u00e8me unique dans ce genre. <\/p><p>Vos enfants seront fascin\u00e9s par ce lieu qui a quelque chose de magique: vous trouverez ici pour vous des centaines de vignettes qui repr\u00e9sentent les monuments les plus importants italiennes et europ\u00e9ennes, en plus des attractions de toutes sortes \u00e0 d\u00e9couvrir.<\/p><p>Imaginez-vous confortablement assis sur une gondole splendide, traverser le Grand Canal \u00e0 Venise, si petite qu&rsquo;elle semble \u00e0 port\u00e9e de main, ou imaginez-vous toucher le haut de la coupole de Saint-Pierre, sans m\u00eame avoir \u00e0 se lever sur la pointe des pieds.<\/p>\t\t\t\t\t\t\t\t<\/div>\n\t\t\t\t<\/div>\n\t\t\t\t\t<\/div>\n\t\t<\/div>\n\t\t\t\t\t<\/div>\n\t\t<\/section>\n\t\t\t\t<section class=\"elementor-section elementor-top-section elementor-element elementor-element-c4770db elementor-section-full_width elementor-section-content-middle elementor-section-height-default elementor-section-height-default\" data-id=\"c4770db\" data-element_type=\"section\">\n\t\t\t\t\t\t<div class=\"elementor-container elementor-column-gap-no\">\n\t\t\t\t\t<div class=\"elementor-column elementor-col-33 elementor-top-column elementor-element elementor-element-851a94d elementor-hidden-tablet elementor-hidden-mobile\" data-id=\"851a94d\" data-element_type=\"column\">\n\t\t\t<div class=\"elementor-widget-wrap elementor-element-populated\">\n\t\t\t\t\t\t<div class=\"elementor-element elementor-element-323b7b8 elementor-widget elementor-widget-image\" data-id=\"323b7b8\" data-element_type=\"widget\" data-widget_type=\"image.default\">\n\t\t\t\t<div class=\"elementor-widget-container\">\n\t\t\t\t\t\t\t\t\t\t\t\t\t\t\t<img decoding=\"async\" src=\"https:\/\/www.hoteladriaonline.it\/wp-content\/uploads\/elementor\/thumbs\/italia3-e1658497760886-psps33s5s140n8he35kk3igusi5vryf5us6ystauso.jpg\" title=\"italia3\" alt=\"italia3\" loading=\"lazy\" \/>\t\t\t\t\t\t\t\t\t\t\t\t\t\t\t<\/div>\n\t\t\t\t<\/div>\n\t\t\t\t\t<\/div>\n\t\t<\/div>\n\t\t\t\t<div class=\"elementor-column elementor-col-66 elementor-top-column elementor-element elementor-element-ef7ee75\" data-id=\"ef7ee75\" data-element_type=\"column\">\n\t\t\t<div class=\"elementor-widget-wrap elementor-element-populated\">\n\t\t\t\t\t\t<div class=\"elementor-element elementor-element-72e8529 elementor-widget elementor-widget-image\" data-id=\"72e8529\" data-element_type=\"widget\" data-widget_type=\"image.default\">\n\t\t\t\t<div class=\"elementor-widget-container\">\n\t\t\t\t\t\t\t\t\t\t\t\t\t\t\t<img decoding=\"async\" width=\"1200\" height=\"597\" src=\"https:\/\/www.hoteladriaonline.it\/wp-content\/uploads\/2022\/07\/italia2-e1658497816456.jpg\" class=\"attachment-full size-full wp-image-1593\" alt=\"\" srcset=\"https:\/\/www.hoteladriaonline.it\/wp-content\/uploads\/2022\/07\/italia2-e1658497816456.jpg 1200w, https:\/\/www.hoteladriaonline.it\/wp-content\/uploads\/2022\/07\/italia2-e1658497816456-300x149.jpg 300w, https:\/\/www.hoteladriaonline.it\/wp-content\/uploads\/2022\/07\/italia2-e1658497816456-1024x509.jpg 1024w, https:\/\/www.hoteladriaonline.it\/wp-content\/uploads\/2022\/07\/italia2-e1658497816456-768x382.jpg 768w\" sizes=\"(max-width: 1200px) 100vw, 1200px\" \/>\t\t\t\t\t\t\t\t\t\t\t\t\t\t\t<\/div>\n\t\t\t\t<\/div>\n\t\t\t\t\t<\/div>\n\t\t<\/div>\n\t\t\t\t\t<\/div>\n\t\t<\/section>\n\t\t\t\t<section class=\"elementor-section elementor-top-section elementor-element elementor-element-2e14e4e elementor-section-full_width elementor-reverse-tablet elementor-reverse-mobile elementor-section-height-default elementor-section-height-default\" data-id=\"2e14e4e\" data-element_type=\"section\">\n\t\t\t\t\t\t<div class=\"elementor-container elementor-column-gap-no\">\n\t\t\t\t\t<div class=\"elementor-column elementor-col-50 elementor-top-column elementor-element elementor-element-843560b\" data-id=\"843560b\" data-element_type=\"column\" data-settings=\"{&quot;background_background&quot;:&quot;classic&quot;}\">\n\t\t\t<div class=\"elementor-widget-wrap elementor-element-populated\">\n\t\t\t\t\t\t<div class=\"elementor-element elementor-element-3291c06 elementor-widget elementor-widget-spacer\" data-id=\"3291c06\" data-element_type=\"widget\" data-widget_type=\"spacer.default\">\n\t\t\t\t<div class=\"elementor-widget-container\">\n\t\t\t\t\t\t\t<div class=\"elementor-spacer\">\n\t\t\t<div class=\"elementor-spacer-inner\"><\/div>\n\t\t<\/div>\n\t\t\t\t\t\t<\/div>\n\t\t\t\t<\/div>\n\t\t\t\t\t<\/div>\n\t\t<\/div>\n\t\t\t\t<div class=\"elementor-column elementor-col-50 elementor-top-column elementor-element elementor-element-56e0ef0\" data-id=\"56e0ef0\" data-element_type=\"column\">\n\t\t\t<div class=\"elementor-widget-wrap elementor-element-populated\">\n\t\t\t\t\t\t<div class=\"elementor-element elementor-element-c1e2956 elementor-widget elementor-widget-text-editor\" data-id=\"c1e2956\" data-element_type=\"widget\" data-widget_type=\"text-editor.default\">\n\t\t\t\t<div class=\"elementor-widget-container\">\n\t\t\t\t\t\t\t\t\t<p>Un magnifique voyage, qui sera conclu avec d&rsquo;attractions amusantes comme Piazza Italia. \u00c0 vous attendre, des amuseurs sympathiques qui vous accompagneront pour un voyage o\u00f9 ne manque pas la surprise.<\/p><p>Et pour apprendre quelque chose de plus, rien de mieux que le Lune Parc de la Science , o\u00f9 les enfants peuvent jouer, et en m\u00eame temps apprendre davantage sur ce qui les entoure, en commencent \u00e0 d\u00e9couvrir le monde de la physique et la chimie entre les jeux et les sourires.<\/p>\t\t\t\t\t\t\t\t<\/div>\n\t\t\t\t<\/div>\n\t\t\t\t\t<\/div>\n\t\t<\/div>\n\t\t\t\t\t<\/div>\n\t\t<\/section>\n\t\t\t\t<\/div>\n\t\t","protected":false},"excerpt":{"rendered":"<p>L&rsquo;ITALIE EN MINIATURE Le parc \u00e0 th\u00e8me pr\u00e8s de Rimini Avez-vous jamais demand\u00e9 comment il serait voir tout ce auquel vous \u00eates maintenant habitu\u00e9s d&rsquo; un point de vue nouveau et original? Pour le decouvrir, vous devez visiter l&rsquo;Italie en miniature parc\u00e0 th\u00e8me unique dans ce genre. Vos enfants seront fascin\u00e9s par ce lieu qui [&hellip;]<\/p>\n","protected":false},"author":1,"featured_media":0,"parent":0,"menu_order":0,"comment_status":"closed","ping_status":"closed","template":"","meta":{"_acf_changed":false,"footnotes":""},"folder":[],"class_list":["post-4398","page","type-page","status-publish","hentry"],"acf":[],"_links":{"self":[{"href":"https:\/\/www.hoteladriaonline.it\/fr\/wp-json\/wp\/v2\/pages\/4398","targetHints":{"allow":["GET"]}}],"collection":[{"href":"https:\/\/www.hoteladriaonline.it\/fr\/wp-json\/wp\/v2\/pages"}],"about":[{"href":"https:\/\/www.hoteladriaonline.it\/fr\/wp-json\/wp\/v2\/types\/page"}],"author":[{"embeddable":true,"href":"https:\/\/www.hoteladriaonline.it\/fr\/wp-json\/wp\/v2\/users\/1"}],"replies":[{"embeddable":true,"href":"https:\/\/www.hoteladriaonline.it\/fr\/wp-json\/wp\/v2\/comments?post=4398"}],"version-history":[{"count":1,"href":"https:\/\/www.hoteladriaonline.it\/fr\/wp-json\/wp\/v2\/pages\/4398\/revisions"}],"predecessor-version":[{"id":4399,"href":"https:\/\/www.hoteladriaonline.it\/fr\/wp-json\/wp\/v2\/pages\/4398\/revisions\/4399"}],"wp:attachment":[{"href":"https:\/\/www.hoteladriaonline.it\/fr\/wp-json\/wp\/v2\/media?parent=4398"}],"wp:term":[{"taxonomy":"folder","embeddable":true,"href":"https:\/\/www.hoteladriaonline.it\/fr\/wp-json\/wp\/v2\/folder?post=4398"}],"curies":[{"name":"wp","href":"https:\/\/api.w.org\/{rel}","templated":true}]}}