{"id":4355,"date":"2022-07-22T08:27:34","date_gmt":"2022-07-22T08:27:34","guid":{"rendered":"https:\/\/www.hoteladriaonline.it\/chambres-vue-foret-de-pins\/"},"modified":"2022-08-03T08:21:26","modified_gmt":"2022-08-03T08:21:26","slug":"chambres-vue-foret-de-pins","status":"publish","type":"page","link":"https:\/\/www.hoteladriaonline.it\/fr\/chambres-vue-foret-de-pins\/","title":{"rendered":"CHAMBRES VUE FOR\u00caT DE PINS"},"content":{"rendered":"\t\t<div data-elementor-type=\"wp-page\" data-elementor-id=\"4355\" class=\"elementor elementor-4355 elementor-964\" data-elementor-post-type=\"page\">\n\t\t\t\t\t\t<section class=\"elementor-section elementor-top-section elementor-element elementor-element-0a7ab01 elementor-section-full_width elementor-section-stretched elementor-section-height-min-height elementor-section-height-default elementor-section-items-middle\" data-id=\"0a7ab01\" data-element_type=\"section\" data-settings=\"{&quot;stretch_section&quot;:&quot;section-stretched&quot;,&quot;background_background&quot;:&quot;classic&quot;}\">\n\t\t\t\t\t\t<div class=\"elementor-container elementor-column-gap-no\">\n\t\t\t\t\t<div class=\"elementor-column elementor-col-100 elementor-top-column elementor-element elementor-element-362806c8\" data-id=\"362806c8\" data-element_type=\"column\" data-settings=\"{&quot;background_background&quot;:&quot;classic&quot;}\">\n\t\t\t<div class=\"elementor-widget-wrap\">\n\t\t\t\t\t\t\t<\/div>\n\t\t<\/div>\n\t\t\t\t\t<\/div>\n\t\t<\/section>\n\t\t\t\t<section class=\"elementor-section elementor-top-section elementor-element elementor-element-f23ba1e elementor-section-full_width elementor-section-content-middle elementor-reverse-tablet elementor-section-height-default elementor-section-height-default\" data-id=\"f23ba1e\" data-element_type=\"section\">\n\t\t\t\t\t\t<div class=\"elementor-container elementor-column-gap-no\">\n\t\t\t\t\t<div class=\"elementor-column elementor-col-50 elementor-top-column elementor-element elementor-element-2530b0e elementor-hidden-tablet elementor-hidden-mobile\" data-id=\"2530b0e\" data-element_type=\"column\">\n\t\t\t<div class=\"elementor-widget-wrap elementor-element-populated\">\n\t\t\t\t\t\t<div class=\"elementor-element elementor-element-4621801 elementor-absolute elementor-widget elementor-widget-image\" data-id=\"4621801\" data-element_type=\"widget\" data-settings=\"{&quot;_position&quot;:&quot;absolute&quot;}\" data-widget_type=\"image.default\">\n\t\t\t\t<div class=\"elementor-widget-container\">\n\t\t\t\t\t\t\t\t\t\t\t\t\t\t\t<img fetchpriority=\"high\" decoding=\"async\" width=\"798\" height=\"923\" src=\"https:\/\/www.hoteladriaonline.it\/wp-content\/uploads\/2022\/07\/deco-a.png\" class=\"attachment-large size-large wp-image-263\" alt=\"\" srcset=\"https:\/\/www.hoteladriaonline.it\/wp-content\/uploads\/2022\/07\/deco-a.png 798w, https:\/\/www.hoteladriaonline.it\/wp-content\/uploads\/2022\/07\/deco-a-259x300.png 259w, https:\/\/www.hoteladriaonline.it\/wp-content\/uploads\/2022\/07\/deco-a-768x888.png 768w\" sizes=\"(max-width: 798px) 100vw, 798px\" \/>\t\t\t\t\t\t\t\t\t\t\t\t\t\t\t<\/div>\n\t\t\t\t<\/div>\n\t\t\t\t\t<\/div>\n\t\t<\/div>\n\t\t\t\t<div class=\"elementor-column elementor-col-50 elementor-top-column elementor-element elementor-element-fb589b6\" data-id=\"fb589b6\" data-element_type=\"column\">\n\t\t\t<div class=\"elementor-widget-wrap elementor-element-populated\">\n\t\t\t\t\t\t<div class=\"elementor-element elementor-element-c166a4b elementor-widget elementor-widget-heading\" data-id=\"c166a4b\" data-element_type=\"widget\" data-widget_type=\"heading.default\">\n\t\t\t\t<div class=\"elementor-widget-container\">\n\t\t\t\t\t<h1 class=\"elementor-heading-title elementor-size-default\">CHAMBRES VUE FOR\u00caT DE PINS\n<\/h1>\t\t\t\t<\/div>\n\t\t\t\t<\/div>\n\t\t\t\t<div class=\"elementor-element elementor-element-c79f369 elementor-widget elementor-widget-heading\" data-id=\"c79f369\" data-element_type=\"widget\" data-widget_type=\"heading.default\">\n\t\t\t\t<div class=\"elementor-widget-container\">\n\t\t\t\t\t<h2 class=\"elementor-heading-title elementor-size-default\">Le juste confort pour votre repos<\/h2>\t\t\t\t<\/div>\n\t\t\t\t<\/div>\n\t\t\t\t<div class=\"elementor-element elementor-element-3782e1d elementor-widget elementor-widget-text-editor\" data-id=\"3782e1d\" data-element_type=\"widget\" data-widget_type=\"text-editor.default\">\n\t\t\t\t<div class=\"elementor-widget-container\">\n\t\t\t\t\t\t\t\t\t<p>Les<strong>chambres vue sur le pins<\/strong>sont meubl\u00e9es avec simplicit\u00e9, avec vue sur la pin\u00e8de et toutes \u00e9quip\u00e9es de:<\/p><ul><li>balcon<\/li><li>climatisation<\/li><li>coffre-fort<\/li><li>T\u00e9l\u00e9 &#8211; Sat<\/li><li>t\u00e9l\u00e9phone direct<\/li><li>frigobar<\/li><li>salle de bains avec cabine douche<\/li><li>s\u00e8che-cheveux<\/li><li>miroir grossissant<\/li><\/ul><p> <\/p>\t\t\t\t\t\t\t\t<\/div>\n\t\t\t\t<\/div>\n\t\t\t\t\t<\/div>\n\t\t<\/div>\n\t\t\t\t\t<\/div>\n\t\t<\/section>\n\t\t\t\t<\/div>\n\t\t","protected":false},"excerpt":{"rendered":"<p>CHAMBRES VUE FOR\u00caT DE PINS Le juste confort pour votre repos Leschambres vue sur le pinssont meubl\u00e9es avec simplicit\u00e9, avec vue sur la pin\u00e8de et toutes \u00e9quip\u00e9es de: balcon climatisation coffre-fort T\u00e9l\u00e9 &#8211; Sat t\u00e9l\u00e9phone direct frigobar salle de bains avec cabine douche s\u00e8che-cheveux miroir grossissant<\/p>\n","protected":false},"author":1,"featured_media":0,"parent":0,"menu_order":0,"comment_status":"closed","ping_status":"closed","template":"","meta":{"_acf_changed":false,"footnotes":""},"folder":[],"class_list":["post-4355","page","type-page","status-publish","hentry"],"acf":[],"_links":{"self":[{"href":"https:\/\/www.hoteladriaonline.it\/fr\/wp-json\/wp\/v2\/pages\/4355","targetHints":{"allow":["GET"]}}],"collection":[{"href":"https:\/\/www.hoteladriaonline.it\/fr\/wp-json\/wp\/v2\/pages"}],"about":[{"href":"https:\/\/www.hoteladriaonline.it\/fr\/wp-json\/wp\/v2\/types\/page"}],"author":[{"embeddable":true,"href":"https:\/\/www.hoteladriaonline.it\/fr\/wp-json\/wp\/v2\/users\/1"}],"replies":[{"embeddable":true,"href":"https:\/\/www.hoteladriaonline.it\/fr\/wp-json\/wp\/v2\/comments?post=4355"}],"version-history":[{"count":2,"href":"https:\/\/www.hoteladriaonline.it\/fr\/wp-json\/wp\/v2\/pages\/4355\/revisions"}],"predecessor-version":[{"id":5240,"href":"https:\/\/www.hoteladriaonline.it\/fr\/wp-json\/wp\/v2\/pages\/4355\/revisions\/5240"}],"wp:attachment":[{"href":"https:\/\/www.hoteladriaonline.it\/fr\/wp-json\/wp\/v2\/media?parent=4355"}],"wp:term":[{"taxonomy":"folder","embeddable":true,"href":"https:\/\/www.hoteladriaonline.it\/fr\/wp-json\/wp\/v2\/folder?post=4355"}],"curies":[{"name":"wp","href":"https:\/\/api.w.org\/{rel}","templated":true}]}}