{"id":4323,"date":"2022-07-25T10:39:50","date_gmt":"2022-07-25T10:39:50","guid":{"rendered":"https:\/\/www.hoteladriaonline.it\/autres-parcs\/"},"modified":"2022-08-01T09:10:44","modified_gmt":"2022-08-01T09:10:44","slug":"autres-parcs","status":"publish","type":"page","link":"https:\/\/www.hoteladriaonline.it\/fr\/autres-parcs\/","title":{"rendered":"AUTRES PARCS"},"content":{"rendered":"\t\t<div data-elementor-type=\"wp-page\" data-elementor-id=\"4323\" class=\"elementor elementor-4323 elementor-1828\" data-elementor-post-type=\"page\">\n\t\t\t\t\t\t<section class=\"elementor-section elementor-top-section elementor-element elementor-element-0a7ab01 elementor-section-full_width elementor-section-stretched elementor-section-height-min-height elementor-section-height-default elementor-section-items-middle\" data-id=\"0a7ab01\" data-element_type=\"section\" data-settings=\"{&quot;stretch_section&quot;:&quot;section-stretched&quot;,&quot;background_background&quot;:&quot;classic&quot;}\">\n\t\t\t\t\t\t<div class=\"elementor-container elementor-column-gap-no\">\n\t\t\t\t\t<div class=\"elementor-column elementor-col-100 elementor-top-column elementor-element elementor-element-362806c8\" data-id=\"362806c8\" data-element_type=\"column\" data-settings=\"{&quot;background_background&quot;:&quot;classic&quot;}\">\n\t\t\t<div class=\"elementor-widget-wrap elementor-element-populated\">\n\t\t\t\t\t\t<div class=\"elementor-element elementor-element-e073758 elementor--h-position-center elementor--v-position-middle elementor-widget elementor-widget-slides\" data-id=\"e073758\" data-element_type=\"widget\" data-settings=\"{&quot;navigation&quot;:&quot;none&quot;,&quot;transition&quot;:&quot;fade&quot;,&quot;autoplay&quot;:&quot;yes&quot;,&quot;pause_on_hover&quot;:&quot;yes&quot;,&quot;pause_on_interaction&quot;:&quot;yes&quot;,&quot;autoplay_speed&quot;:5000,&quot;infinite&quot;:&quot;yes&quot;,&quot;transition_speed&quot;:500}\" data-widget_type=\"slides.default\">\n\t\t\t\t<div class=\"elementor-widget-container\">\n\t\t\t\t\t\t\t\t\t<div class=\"elementor-swiper\">\n\t\t\t\t\t<div class=\"elementor-slides-wrapper elementor-main-swiper swiper\" role=\"region\" aria-roledescription=\"carousel\" aria-label=\"Diapositives\" dir=\"ltr\" data-animation=\"zoomIn\">\n\t\t\t\t<div class=\"swiper-wrapper elementor-slides\">\n\t\t\t\t\t\t\t\t\t\t<div class=\"elementor-repeater-item-a5a64c7 swiper-slide\" role=\"group\" aria-roledescription=\"slide\"><div class=\"swiper-slide-bg elementor-ken-burns elementor-ken-burns--out\" role=\"img\"><\/div><div class=\"swiper-slide-inner\" ><div class=\"swiper-slide-contents\"><\/div><\/div><\/div><div class=\"elementor-repeater-item-e154dff swiper-slide\" role=\"group\" aria-roledescription=\"slide\"><div class=\"swiper-slide-bg elementor-ken-burns elementor-ken-burns--out\" role=\"img\"><\/div><div class=\"swiper-slide-inner\" ><div class=\"swiper-slide-contents\"><\/div><\/div><\/div>\t\t\t\t<\/div>\n\t\t\t\t\t\t\t\t\t\t\t\t\t\t\t\t\t\t\t\t\t<\/div>\n\t\t\t\t<\/div>\n\t\t\t\t\t\t\t\t<\/div>\n\t\t\t\t<\/div>\n\t\t\t\t\t<\/div>\n\t\t<\/div>\n\t\t\t\t\t<\/div>\n\t\t<\/section>\n\t\t\t\t<section class=\"elementor-section elementor-top-section elementor-element elementor-element-f23ba1e elementor-section-full_width elementor-section-content-middle elementor-reverse-tablet elementor-section-height-default elementor-section-height-default\" data-id=\"f23ba1e\" data-element_type=\"section\">\n\t\t\t\t\t\t<div class=\"elementor-container elementor-column-gap-no\">\n\t\t\t\t\t<div class=\"elementor-column elementor-col-50 elementor-top-column elementor-element elementor-element-2530b0e elementor-hidden-tablet elementor-hidden-mobile\" data-id=\"2530b0e\" data-element_type=\"column\">\n\t\t\t<div class=\"elementor-widget-wrap elementor-element-populated\">\n\t\t\t\t\t\t<div class=\"elementor-element elementor-element-4621801 elementor-absolute elementor-widget elementor-widget-image\" data-id=\"4621801\" data-element_type=\"widget\" data-settings=\"{&quot;_position&quot;:&quot;absolute&quot;}\" data-widget_type=\"image.default\">\n\t\t\t\t<div class=\"elementor-widget-container\">\n\t\t\t\t\t\t\t\t\t\t\t\t\t\t\t<img fetchpriority=\"high\" decoding=\"async\" width=\"798\" height=\"923\" src=\"https:\/\/www.hoteladriaonline.it\/wp-content\/uploads\/2022\/07\/deco-a.png\" class=\"attachment-large size-large wp-image-263\" alt=\"\" srcset=\"https:\/\/www.hoteladriaonline.it\/wp-content\/uploads\/2022\/07\/deco-a.png 798w, https:\/\/www.hoteladriaonline.it\/wp-content\/uploads\/2022\/07\/deco-a-259x300.png 259w, https:\/\/www.hoteladriaonline.it\/wp-content\/uploads\/2022\/07\/deco-a-768x888.png 768w\" sizes=\"(max-width: 798px) 100vw, 798px\" \/>\t\t\t\t\t\t\t\t\t\t\t\t\t\t\t<\/div>\n\t\t\t\t<\/div>\n\t\t\t\t\t<\/div>\n\t\t<\/div>\n\t\t\t\t<div class=\"elementor-column elementor-col-50 elementor-top-column elementor-element elementor-element-fb589b6\" data-id=\"fb589b6\" data-element_type=\"column\">\n\t\t\t<div class=\"elementor-widget-wrap elementor-element-populated\">\n\t\t\t\t\t\t<div class=\"elementor-element elementor-element-c166a4b elementor-widget elementor-widget-heading\" data-id=\"c166a4b\" data-element_type=\"widget\" data-widget_type=\"heading.default\">\n\t\t\t\t<div class=\"elementor-widget-container\">\n\t\t\t\t\t<h1 class=\"elementor-heading-title elementor-size-default\">AUTRES PARCS<\/h1>\t\t\t\t<\/div>\n\t\t\t\t<\/div>\n\t\t\t\t<div class=\"elementor-element elementor-element-c79f369 elementor-widget elementor-widget-heading\" data-id=\"c79f369\" data-element_type=\"widget\" data-widget_type=\"heading.default\">\n\t\t\t\t<div class=\"elementor-widget-container\">\n\t\t\t\t\t<h2 class=\"elementor-heading-title elementor-size-default\">Votre r\u00eave est notre r\u00e9alit\u00e9<\/h2>\t\t\t\t<\/div>\n\t\t\t\t<\/div>\n\t\t\t\t<div class=\"elementor-element elementor-element-3782e1d elementor-widget elementor-widget-text-editor\" data-id=\"3782e1d\" data-element_type=\"widget\" data-widget_type=\"text-editor.default\">\n\t\t\t\t<div class=\"elementor-widget-container\">\n\t\t\t\t\t\t\t\t\t<p>L\u2019amusement ne s&rsquo;arr\u00eate pas dans la c\u00f4te Adriatique : il ya de nombreux parcs d&rsquo;attractions sont pr\u00eats \u00e0 vous donner des jours inoubliables.<\/p><p>L&rsquo;<strong>Aquarium de Cattolica<\/strong>, par exemple, est le royaume des esp\u00e8ces marines : vous pouvez observer ici les pingouins, des requins, des m\u00e9duses plac\u00e9es le long de diff\u00e9rents sentiers th\u00e9matiques \u00e0 d\u00e9couvrir.<br>Long le chemin bleu, par exemple, vous pouvez vivre l&rsquo;histoire de notre plan\u00e8te vu de la surface de l&rsquo;eau dans les piscines de diff\u00e9rentes tailles qui contiennent des micro-environnements diff\u00e9rentes. Un monde \u00e0 decouvrir, tr\u00e9s proche \u00e0 nous, mais pas toujours correctement connu. <\/p><p>Une visite id\u00e9alement compl\u00e9t\u00e9e avec le <strong>Delphinarium de Rimini<\/strong>, o\u00f9 vous pourrez profiter de tout ce qui concerne les dauphins merci \u00e0 le groupe d&rsquo;animaux log\u00e9s ici, qui vous fascinera avec leurs \u00e9volutions.<\/p>\t\t\t\t\t\t\t\t<\/div>\n\t\t\t\t<\/div>\n\t\t\t\t\t<\/div>\n\t\t<\/div>\n\t\t\t\t\t<\/div>\n\t\t<\/section>\n\t\t\t\t<section class=\"elementor-section elementor-top-section elementor-element elementor-element-c4770db elementor-section-full_width elementor-section-content-middle elementor-section-height-default elementor-section-height-default\" data-id=\"c4770db\" data-element_type=\"section\">\n\t\t\t\t\t\t<div class=\"elementor-container elementor-column-gap-no\">\n\t\t\t\t\t<div class=\"elementor-column elementor-col-50 elementor-top-column elementor-element elementor-element-851a94d elementor-hidden-tablet elementor-hidden-mobile\" data-id=\"851a94d\" data-element_type=\"column\">\n\t\t\t<div class=\"elementor-widget-wrap elementor-element-populated\">\n\t\t\t\t\t\t<div class=\"elementor-element elementor-element-323b7b8 elementor-widget elementor-widget-image\" data-id=\"323b7b8\" data-element_type=\"widget\" data-widget_type=\"image.default\">\n\t\t\t\t<div class=\"elementor-widget-container\">\n\t\t\t\t\t\t\t\t\t\t\t\t\t\t\t<img decoding=\"async\" src=\"https:\/\/www.hoteladriaonline.it\/wp-content\/uploads\/elementor\/thumbs\/altriparchi3-e1658745912114-psprztcigtztl2o5c5gx5tuy9p9cj0z91njge65l6w.jpg\" title=\"altriparchi3\" alt=\"altriparchi3\" loading=\"lazy\" \/>\t\t\t\t\t\t\t\t\t\t\t\t\t\t\t<\/div>\n\t\t\t\t<\/div>\n\t\t\t\t\t<\/div>\n\t\t<\/div>\n\t\t\t\t<div class=\"elementor-column elementor-col-50 elementor-top-column elementor-element elementor-element-d8ac430\" data-id=\"d8ac430\" data-element_type=\"column\" data-settings=\"{&quot;background_background&quot;:&quot;classic&quot;}\">\n\t\t\t<div class=\"elementor-widget-wrap elementor-element-populated\">\n\t\t\t\t\t\t<div class=\"elementor-element elementor-element-38d2b5f elementor-widget elementor-widget-spacer\" data-id=\"38d2b5f\" data-element_type=\"widget\" data-widget_type=\"spacer.default\">\n\t\t\t\t<div class=\"elementor-widget-container\">\n\t\t\t\t\t\t\t<div class=\"elementor-spacer\">\n\t\t\t<div class=\"elementor-spacer-inner\"><\/div>\n\t\t<\/div>\n\t\t\t\t\t\t<\/div>\n\t\t\t\t<\/div>\n\t\t\t\t\t<\/div>\n\t\t<\/div>\n\t\t\t\t\t<\/div>\n\t\t<\/section>\n\t\t\t\t<section class=\"elementor-section elementor-top-section elementor-element elementor-element-2e14e4e elementor-section-full_width elementor-reverse-tablet elementor-reverse-mobile elementor-section-height-default elementor-section-height-default\" data-id=\"2e14e4e\" data-element_type=\"section\">\n\t\t\t\t\t\t<div class=\"elementor-container elementor-column-gap-no\">\n\t\t\t\t\t<div class=\"elementor-column elementor-col-50 elementor-top-column elementor-element elementor-element-843560b\" data-id=\"843560b\" data-element_type=\"column\" data-settings=\"{&quot;background_background&quot;:&quot;classic&quot;}\">\n\t\t\t<div class=\"elementor-widget-wrap elementor-element-populated\">\n\t\t\t\t\t\t<div class=\"elementor-element elementor-element-3291c06 elementor-widget elementor-widget-spacer\" data-id=\"3291c06\" data-element_type=\"widget\" data-widget_type=\"spacer.default\">\n\t\t\t\t<div class=\"elementor-widget-container\">\n\t\t\t\t\t\t\t<div class=\"elementor-spacer\">\n\t\t\t<div class=\"elementor-spacer-inner\"><\/div>\n\t\t<\/div>\n\t\t\t\t\t\t<\/div>\n\t\t\t\t<\/div>\n\t\t\t\t\t<\/div>\n\t\t<\/div>\n\t\t\t\t<div class=\"elementor-column elementor-col-50 elementor-top-column elementor-element elementor-element-56e0ef0\" data-id=\"56e0ef0\" data-element_type=\"column\">\n\t\t\t<div class=\"elementor-widget-wrap elementor-element-populated\">\n\t\t\t\t\t\t<div class=\"elementor-element elementor-element-c1e2956 elementor-widget elementor-widget-text-editor\" data-id=\"c1e2956\" data-element_type=\"widget\" data-widget_type=\"text-editor.default\">\n\t\t\t\t<div class=\"elementor-widget-container\">\n\t\t\t\t\t\t\t\t\t<p>Beaucoup sp\u00e9cial est aussi le&nbsp;<strong>Beach Village Riccione<\/strong>, \u00e0 demi-chemin entre la plage et un parc d&rsquo;attractions de vivre la mer comme jamais auparavant.<\/p><p>Ici vous pourrez \u00e9chelonner vos heures sur la rive avec des toboggans Kamikaze, jeux de camps de volleyball de plage ou des visites sur les plages utilis\u00e9es pour les enfants, comme Bob l&rsquo;Eponge, un personnage de bande dessin\u00e9e c\u00e9l\u00e8bre.<\/p>\n<p>Et pour conclure, est recommand\u00e9 une visite \u00e0&nbsp; <strong>Altantica de Cesenatico<\/strong>, 100 000 pieds carr\u00e9s de diapositives, des piscines et jeux d&rsquo;eau \u00e0 petite distance de notre&nbsp; <strong>h\u00f4tel \u00e0 Milano Marittima<\/strong>, qui sera une fois tomb\u00e9 le soleil , le sc\u00e9nario de le relax de ceux qui ont v\u00e9cu, avec satisfactions, une journ\u00e9e pleine d&rsquo;\u00e9motions.<\/p>\t\t\t\t\t\t\t\t<\/div>\n\t\t\t\t<\/div>\n\t\t\t\t\t<\/div>\n\t\t<\/div>\n\t\t\t\t\t<\/div>\n\t\t<\/section>\n\t\t\t\t<\/div>\n\t\t","protected":false},"excerpt":{"rendered":"<p>AUTRES PARCS Votre r\u00eave est notre r\u00e9alit\u00e9 L\u2019amusement ne s&rsquo;arr\u00eate pas dans la c\u00f4te Adriatique : il ya de nombreux parcs d&rsquo;attractions sont pr\u00eats \u00e0 vous donner des jours inoubliables. L&rsquo;Aquarium de Cattolica, par exemple, est le royaume des esp\u00e8ces marines : vous pouvez observer ici les pingouins, des requins, des m\u00e9duses plac\u00e9es le long [&hellip;]<\/p>\n","protected":false},"author":1,"featured_media":0,"parent":0,"menu_order":0,"comment_status":"closed","ping_status":"closed","template":"","meta":{"_acf_changed":false,"footnotes":""},"folder":[],"class_list":["post-4323","page","type-page","status-publish","hentry"],"acf":[],"_links":{"self":[{"href":"https:\/\/www.hoteladriaonline.it\/fr\/wp-json\/wp\/v2\/pages\/4323","targetHints":{"allow":["GET"]}}],"collection":[{"href":"https:\/\/www.hoteladriaonline.it\/fr\/wp-json\/wp\/v2\/pages"}],"about":[{"href":"https:\/\/www.hoteladriaonline.it\/fr\/wp-json\/wp\/v2\/types\/page"}],"author":[{"embeddable":true,"href":"https:\/\/www.hoteladriaonline.it\/fr\/wp-json\/wp\/v2\/users\/1"}],"replies":[{"embeddable":true,"href":"https:\/\/www.hoteladriaonline.it\/fr\/wp-json\/wp\/v2\/comments?post=4323"}],"version-history":[{"count":1,"href":"https:\/\/www.hoteladriaonline.it\/fr\/wp-json\/wp\/v2\/pages\/4323\/revisions"}],"predecessor-version":[{"id":4324,"href":"https:\/\/www.hoteladriaonline.it\/fr\/wp-json\/wp\/v2\/pages\/4323\/revisions\/4324"}],"wp:attachment":[{"href":"https:\/\/www.hoteladriaonline.it\/fr\/wp-json\/wp\/v2\/media?parent=4323"}],"wp:term":[{"taxonomy":"folder","embeddable":true,"href":"https:\/\/www.hoteladriaonline.it\/fr\/wp-json\/wp\/v2\/folder?post=4323"}],"curies":[{"name":"wp","href":"https:\/\/api.w.org\/{rel}","templated":true}]}}