{"id":4233,"date":"2022-07-21T14:35:39","date_gmt":"2022-07-21T14:35:39","guid":{"rendered":"https:\/\/www.hoteladriaonline.it\/comment-nous-rejoindre\/"},"modified":"2022-08-03T13:06:47","modified_gmt":"2022-08-03T13:06:47","slug":"comment-nous-rejoindre","status":"publish","type":"page","link":"https:\/\/www.hoteladriaonline.it\/fr\/comment-nous-rejoindre\/","title":{"rendered":"COMMENT NOUS REJOINDRE"},"content":{"rendered":"\t\t<div data-elementor-type=\"wp-page\" data-elementor-id=\"4233\" class=\"elementor elementor-4233 elementor-914\" data-elementor-post-type=\"page\">\n\t\t\t\t\t\t<section class=\"elementor-section elementor-top-section elementor-element elementor-element-0a7ab01 elementor-section-full_width elementor-section-height-min-height elementor-section-height-default elementor-section-items-middle\" data-id=\"0a7ab01\" data-element_type=\"section\">\n\t\t\t\t\t\t<div class=\"elementor-container elementor-column-gap-no\">\n\t\t\t\t\t<div class=\"elementor-column elementor-col-100 elementor-top-column elementor-element elementor-element-362806c8\" data-id=\"362806c8\" data-element_type=\"column\">\n\t\t\t<div class=\"elementor-widget-wrap elementor-element-populated\">\n\t\t\t\t\t\t<div class=\"elementor-element elementor-element-90c8dc3 elementor-widget elementor-widget-google_maps\" data-id=\"90c8dc3\" data-element_type=\"widget\" data-widget_type=\"google_maps.default\">\n\t\t\t\t<div class=\"elementor-widget-container\">\n\t\t\t\t\t\t\t<div class=\"elementor-custom-embed\">\n\t\t\t<iframe loading=\"lazy\"\n\t\t\t\t\tsrc=\"https:\/\/maps.google.com\/maps?q=Viale%202%20Giugno%20angolo%20XIII%20Traversa%2C%2019%20-%2048015%20Milano%20Marittima%20%28RA%29%2C%20Italia&#038;t=m&#038;z=17&#038;output=embed&#038;iwloc=near\"\n\t\t\t\t\ttitle=\"Viale 2 Giugno angolo XIII Traversa, 19 - 48015 Milano Marittima (RA), Italia\"\n\t\t\t\t\taria-label=\"Viale 2 Giugno angolo XIII Traversa, 19 - 48015 Milano Marittima (RA), Italia\"\n\t\t\t><\/iframe>\n\t\t<\/div>\n\t\t\t\t\t\t<\/div>\n\t\t\t\t<\/div>\n\t\t\t\t\t<\/div>\n\t\t<\/div>\n\t\t\t\t\t<\/div>\n\t\t<\/section>\n\t\t\t\t<section class=\"elementor-section elementor-top-section elementor-element elementor-element-f23ba1e elementor-section-full_width elementor-section-content-middle elementor-reverse-tablet elementor-section-height-default elementor-section-height-default\" data-id=\"f23ba1e\" data-element_type=\"section\">\n\t\t\t\t\t\t<div class=\"elementor-container elementor-column-gap-no\">\n\t\t\t\t\t<div class=\"elementor-column elementor-col-50 elementor-top-column elementor-element elementor-element-2530b0e elementor-hidden-tablet elementor-hidden-mobile\" data-id=\"2530b0e\" data-element_type=\"column\">\n\t\t\t<div class=\"elementor-widget-wrap elementor-element-populated\">\n\t\t\t\t\t\t<div class=\"elementor-element elementor-element-4621801 elementor-absolute elementor-widget elementor-widget-image\" data-id=\"4621801\" data-element_type=\"widget\" data-settings=\"{&quot;_position&quot;:&quot;absolute&quot;}\" data-widget_type=\"image.default\">\n\t\t\t\t<div class=\"elementor-widget-container\">\n\t\t\t\t\t\t\t\t\t\t\t\t\t\t\t<img fetchpriority=\"high\" decoding=\"async\" width=\"798\" height=\"923\" src=\"https:\/\/www.hoteladriaonline.it\/wp-content\/uploads\/2022\/07\/deco-a.png\" class=\"attachment-large size-large wp-image-263\" alt=\"\" srcset=\"https:\/\/www.hoteladriaonline.it\/wp-content\/uploads\/2022\/07\/deco-a.png 798w, https:\/\/www.hoteladriaonline.it\/wp-content\/uploads\/2022\/07\/deco-a-259x300.png 259w, https:\/\/www.hoteladriaonline.it\/wp-content\/uploads\/2022\/07\/deco-a-768x888.png 768w\" sizes=\"(max-width: 798px) 100vw, 798px\" \/>\t\t\t\t\t\t\t\t\t\t\t\t\t\t\t<\/div>\n\t\t\t\t<\/div>\n\t\t\t\t\t<\/div>\n\t\t<\/div>\n\t\t\t\t<div class=\"elementor-column elementor-col-50 elementor-top-column elementor-element elementor-element-fb589b6\" data-id=\"fb589b6\" data-element_type=\"column\">\n\t\t\t<div class=\"elementor-widget-wrap elementor-element-populated\">\n\t\t\t\t\t\t<div class=\"elementor-element elementor-element-c166a4b elementor-widget elementor-widget-heading\" data-id=\"c166a4b\" data-element_type=\"widget\" data-widget_type=\"heading.default\">\n\t\t\t\t<div class=\"elementor-widget-container\">\n\t\t\t\t\t<h1 class=\"elementor-heading-title elementor-size-default\">COMMENT NOUS REJOINDRE<\/h1>\t\t\t\t<\/div>\n\t\t\t\t<\/div>\n\t\t\t\t<div class=\"elementor-element elementor-element-c79f369 elementor-widget elementor-widget-heading\" data-id=\"c79f369\" data-element_type=\"widget\" data-widget_type=\"heading.default\">\n\t\t\t\t<div class=\"elementor-widget-container\">\n\t\t\t\t\t<h2 class=\"elementor-heading-title elementor-size-default\">H\u00f4tel Adria \u00e0 Milano Marittima<\/h2>\t\t\t\t<\/div>\n\t\t\t\t<\/div>\n\t\t\t\t<div class=\"elementor-element elementor-element-3782e1d elementor-widget elementor-widget-text-editor\" data-id=\"3782e1d\" data-element_type=\"widget\" data-widget_type=\"text-editor.default\">\n\t\t\t\t<div class=\"elementor-widget-container\">\n\t\t\t\t\t\t\t\t\t<p><strong>AVEC LA VOITURE<\/strong><\/p><p>Pour ceux qui arrivent de l\u2019autoroute:<\/p><ul><li>A14 sortie Cesena. Direction Milano Marittima\/Cervia. <\/li><li>A14 sortie Ravenna. Direction Rimini SS-16. <\/li><li>Autoroute E-45 sortie Casemurate, direction Milano Marittima\/Cervia.<\/li><\/ul><p><strong>Info Autostrade: 800-996099<br><\/strong>Internet: <strong><a href=\"https:\/\/www.autostrade.it\/it\/home\" target=\"_blank\" rel=\"noopener\">www.autostrade.it<\/a><\/strong><\/p><p><strong>L&rsquo;h\u00f4tel Adria dispose d&rsquo;un grand parking gratuit et non surveill\u00e9 r\u00e9serv\u00e9 \u00e0 tous les clients (sous r\u00e9serve de disponibilit\u00e9).<\/strong><\/p><p><strong>AVEC LE TRAIN <br><\/strong>Cervia\/Milano Marittima peut \u00eatre atteint de la ligne Ferrara &#8211; Ravenna &#8211; Rimini.<br><strong>Info FS : 888 &#8211; 888088<br><\/strong>Internet: <strong><a href=\"https:\/\/www.trenitalia.com\/\" target=\"_blank\" rel=\"noopener\">www.trenitalia.com<\/a><\/strong><\/p><p><strong>AVEC LE BUS<br><\/strong>Pour verifi\u00e9r la couverture et les co\u00fbts du service, consulter le web suivante: <strong><a href=\"https:\/\/www.busitalia.it\/\" target=\"_blank\" rel=\"noopener\">www.bus-italia.it<\/a><\/strong>.<\/p><p><strong>IN AEREO<br><\/strong><strong>Aeroporto G. Marconi &#8211; BOLOGNA<br><\/strong>Distance de Milano Marittima: 100 Km &#8211; Telefono: 051\/647961<br><strong><a href=\"https:\/\/www.bologna-airport.it\/\" target=\"_blank\" rel=\"noopener\">www.bologna-airport.it<\/a><\/strong><\/p><p><strong>Aeroporto L. Ridolfi &#8211; FORLI&rsquo;<br><\/strong>Distance de Milano Marittima: 30 Km &#8211; Telefono: 0543\/474990<br><strong><a href=\"https:\/\/www.aeroportodiforli.com\/\" target=\"_blank\" rel=\"noopener\">www.aeroportodiforli.com<\/a><\/strong><\/p><p><strong>Aeroporto Miramare &#8211; RIMINI<br><\/strong>Distance de Milano Marittima: 40 Km &#8211; Telefono: 0541\/373132<br><strong><a href=\"https:\/\/riminiairport.com\/\" target=\"_blank\" rel=\"noopener\">www.riminiairport.com<\/a><\/strong><\/p><p><strong>A\u00e9roport Marco Polo &#8211; VENEZIA<br><\/strong><br>Distance de Milano Marittima: 160 Km &#8211; Telefono: 041\/2609260<br><strong><a href=\"https:\/\/www.veneziaairport.it\/\" target=\"_blank\" rel=\"noopener\">www.veneziaairport.it<\/a><\/strong><\/p>\t\t\t\t\t\t\t\t<\/div>\n\t\t\t\t<\/div>\n\t\t\t\t\t<\/div>\n\t\t<\/div>\n\t\t\t\t\t<\/div>\n\t\t<\/section>\n\t\t\t\t<section class=\"elementor-section elementor-top-section elementor-element elementor-element-d48eadd elementor-section-boxed elementor-section-height-default elementor-section-height-default\" data-id=\"d48eadd\" data-element_type=\"section\">\n\t\t\t\t\t\t<div class=\"elementor-container elementor-column-gap-default\">\n\t\t\t\t\t<div class=\"elementor-column elementor-col-100 elementor-top-column elementor-element elementor-element-f38aba3\" data-id=\"f38aba3\" data-element_type=\"column\">\n\t\t\t<div class=\"elementor-widget-wrap elementor-element-populated\">\n\t\t\t\t\t\t<div class=\"elementor-element elementor-element-3c3e26c elementor-widget elementor-widget-html\" data-id=\"3c3e26c\" data-element_type=\"widget\" data-widget_type=\"html.default\">\n\t\t\t\t<div class=\"elementor-widget-container\">\n\t\t\t\t\t<script>(function($) {\n$(document).ready(function () {\n    $('#fascia-booking').remove();\n});\n}(jQuery));\n<\/script>\t\t\t\t<\/div>\n\t\t\t\t<\/div>\n\t\t\t\t\t<\/div>\n\t\t<\/div>\n\t\t\t\t\t<\/div>\n\t\t<\/section>\n\t\t\t\t<\/div>\n\t\t","protected":false},"excerpt":{"rendered":"<p>COMMENT NOUS REJOINDRE H\u00f4tel Adria \u00e0 Milano Marittima AVEC LA VOITURE Pour ceux qui arrivent de l\u2019autoroute: A14 sortie Cesena. Direction Milano Marittima\/Cervia. A14 sortie Ravenna. Direction Rimini SS-16. Autoroute E-45 sortie Casemurate, direction Milano Marittima\/Cervia. Info Autostrade: 800-996099Internet: www.autostrade.it L&rsquo;h\u00f4tel Adria dispose d&rsquo;un grand parking gratuit et non surveill\u00e9 r\u00e9serv\u00e9 \u00e0 tous les clients [&hellip;]<\/p>\n","protected":false},"author":1,"featured_media":0,"parent":0,"menu_order":0,"comment_status":"closed","ping_status":"closed","template":"","meta":{"_acf_changed":false,"footnotes":""},"folder":[],"class_list":["post-4233","page","type-page","status-publish","hentry"],"acf":[],"_links":{"self":[{"href":"https:\/\/www.hoteladriaonline.it\/fr\/wp-json\/wp\/v2\/pages\/4233","targetHints":{"allow":["GET"]}}],"collection":[{"href":"https:\/\/www.hoteladriaonline.it\/fr\/wp-json\/wp\/v2\/pages"}],"about":[{"href":"https:\/\/www.hoteladriaonline.it\/fr\/wp-json\/wp\/v2\/types\/page"}],"author":[{"embeddable":true,"href":"https:\/\/www.hoteladriaonline.it\/fr\/wp-json\/wp\/v2\/users\/1"}],"replies":[{"embeddable":true,"href":"https:\/\/www.hoteladriaonline.it\/fr\/wp-json\/wp\/v2\/comments?post=4233"}],"version-history":[{"count":13,"href":"https:\/\/www.hoteladriaonline.it\/fr\/wp-json\/wp\/v2\/pages\/4233\/revisions"}],"predecessor-version":[{"id":5375,"href":"https:\/\/www.hoteladriaonline.it\/fr\/wp-json\/wp\/v2\/pages\/4233\/revisions\/5375"}],"wp:attachment":[{"href":"https:\/\/www.hoteladriaonline.it\/fr\/wp-json\/wp\/v2\/media?parent=4233"}],"wp:term":[{"taxonomy":"folder","embeddable":true,"href":"https:\/\/www.hoteladriaonline.it\/fr\/wp-json\/wp\/v2\/folder?post=4233"}],"curies":[{"name":"wp","href":"https:\/\/api.w.org\/{rel}","templated":true}]}}